{"id":10648,"date":"2022-09-28T14:15:58","date_gmt":"2022-09-28T11:15:58","guid":{"rendered":"https:\/\/esradoyuk.com\/?page_id=10648"},"modified":"2023-05-25T17:17:20","modified_gmt":"2023-05-25T14:17:20","slug":"girisimciler-icin-satis-pazarlama","status":"publish","type":"page","link":"https:\/\/esradoyuk.com\/en\/marketing-and-closing-skills-for-women-entrepreneurs\/","title":{"rendered":"Marketing And Closing Skills For Women Entrepreneurs"},"content":{"rendered":"<section class=\"wpb-content-wrapper\"><div class=\"vc_row wpb_row vc_row-fluid\"><div class=\"wpb_column vc_column_container vc_col-sm-12\"><div class=\"vc_column-inner\"><div class=\"wpb_wrapper\">\n\t<div class=\"wpb_text_column wpb_content_element  scheme_default\" >\n\t\t<div class=\"wpb_wrapper\">\n\t\t\t<p>Over the years, I have had the chance to meet many wonderful women. Women who are talented, determined and believed in conceiving new things. On the other hand, those are the women who exist for everyone but not for themselves.<\/p>\n<p>But why?<\/p>\n<p>Why are women with such capacity so unsatisfied with their lives; why have they disregarded themselves so much?<\/p>\n<p>According to my opinion, they were made to believe one thing:<\/p>\n<p>If you are a woman, you have to live for the others.<\/p>\n<p>As a woman, we were taught that we should live for others, make them happy and in this way, we shall live happily ever after. Because we were convinced that this was the only thing we could accomplish. Therefore, every woman who is single and\/or with no children is considered an unsuccessful individual. For everything else in life, power, will and reason are necessary. Although women are created with these features, we were treated as if we don\u2019t have any of them. Moreover, some strong features dedicated mostly to women; such as deep compassion and insight were presented as deficiencies.<\/p>\n<p>Women who were not sent to school in old times, later sent to university only for a status. They were allowed to study under one condition: to get married and have children as soon as they graduate. Getting married and having children are the most special feelings in the world. However, it is not what makes a woman precious. A human being is in general worthwhile as s\/he is the unique creature.<\/p>\n<p>My most important observation is, regardless of what they have in their lives, women begin to question their existence deeply after a certain point either at 25 or 60 years old. These questionings, in a way, lead an effort to transform them into production; some women decide to have children, some join voluntary work, some have a pet, some set up a new business or some go to university.<\/p>\n<p>Now I would like to address a question:<\/p>\n<p>By the time you are 70, you will end up with yourself even if you own everything that are imposed on you and that you need. Anything that you have in your life will be with you for a limited time period; it will take your time and then go. What will you do then?<\/p>\n<p>Veya,<\/p>\n<p>If things happen unexpectedly in your life; such as,<\/p>\n<p>If your partner goes bankrupt,<\/p>\n<p>If you have to leave your beloved home, homeland and country,<\/p>\n<p>If you cannot find an eligible person to get married,<\/p>\n<p>If you lose your loved ones,<\/p>\n<p>If you never have children\u2026<\/p>\n<p>It is terrifying even to think about all this.<\/p>\n<p>However, you also know that life has a dark side. How would you live without knowing yourself and without being able to stand on your feet?<\/p>\n<p>Why would you wait when there is still time to get to know yourself and plan your future?\n<br>\nAccording to some researches, more and more women learn to live up to themselves and set up new businesses. Why shouldn\u2019t you be one of them?\n<br>Do you think it is impossible?\nWhat about these\u2026?<\/p>\n<p>\u2026.<\/p>\n<p>I am a woman who has had the courage to set up her own business in an area that she is not experienced after the age of 35. As I move forward with determination, inspiring both myself and all women is the only thing that keeps me on track. I will always continue to be a window for every single woman who wants to succeed in life.<\/p>\n<p><strong>If you are a woman who wants to set up your business or move your business forward in order to bring yourself into existence,<\/strong><\/p>\n\n\t\t<\/div>\n\t<\/div>\n<div class=\"vc_btn3-container vc_btn3-inline vc_custom_1669887732455\" ><a class=\"vc_general vc_btn3 vc_btn3-size-lg vc_btn3-shape-rounded vc_btn3-style-classic vc_btn3-color-black\" href=\"https:\/\/esradoyuk.com\/en\/on-gorusme-talebi\/\" title=\"Pre-Interview Request\">Let\u2019s Click here for further information.<\/a><\/div><\/div><\/div><\/div><\/div><div class=\"vc_row wpb_row vc_row-fluid\"><div class=\"wpb_column vc_column_container vc_col-sm-12\"><div class=\"vc_column-inner\"><div class=\"wpb_wrapper\"><div class=\"vc_separator wpb_content_element vc_separator_align_center vc_sep_width_100 vc_sep_pos_align_center vc_separator_no_text vc_sep_color_black\" ><span class=\"vc_sep_holder vc_sep_holder_l\"><span class=\"vc_sep_line\"><\/span><\/span><span class=\"vc_sep_holder vc_sep_holder_r\"><span class=\"vc_sep_line\"><\/span><\/span>\n<\/div><div class=\"scheme_default sc_testimonials sc_testimonials_default\" data-slides-per-view=\"2\" data-slides-space=\"3\" data-slides-min-width=\"150\"\t\t>\r\n\t\t<h5 class=\"sc_testimonials_subtitle sc_item_subtitle\">Success Stories<\/h5><div class=\"sc_testimonials_descr sc_item_descr\">Would you like to hear the success stories of the participants in the program?<\/div><div class=\"sc_testimonials_columns sc_item_columns trx_addons_columns_wrap columns_padding_bottom\"><div class=\"trx_addons_column-1_2\">\t\t\t<div class=\"sc_testimonials_item\">\r\n\t\t\t\t<div class=\"sc_testimonials_item_content\"><p>I wanted to do my own business after graduating from college, but I was afraid. <a href=\"https:\/\/esradoyuk.com\/en\/blog\/cpt_testimonial\/busra-akpinar-2\/#more-12076\" class=\"more-link\"><span aria-label=\"Continue reading B\u00fc\u015fra Akp\u0131nar\">(more&hellip;)<\/span><\/a><\/p>\n<\/div>\r\n\t\t\t\t<div class=\"sc_testimonials_item_author\">\r\n\t\t\t\t\t\t\t\t\t\t\t<div class=\"sc_testimonials_item_author_avatar\"><img decoding=\"async\" width=\"75\" height=\"75\" src=\"https:\/\/esradoyuk.com\/wp-content\/uploads\/2022\/10\/Busra-Akpinar-e1668417173171-75x75.jpeg\" class=\"attachment-pj-thumb-tiny size-pj-thumb-tiny wp-post-image\" alt=\"B\u00fc\u015fra Akp\u0131nar\" srcset=\"https:\/\/esradoyuk.com\/wp-content\/uploads\/2022\/10\/Busra-Akpinar-e1668417173171-75x75.jpeg 75w, https:\/\/esradoyuk.com\/wp-content\/uploads\/2022\/10\/Busra-Akpinar-e1668417173171-150x150.jpeg 150w, https:\/\/esradoyuk.com\/wp-content\/uploads\/2022\/10\/Busra-Akpinar-e1668417173171-370x370.jpeg 370w\" sizes=\"(max-width: 75px) 100vw, 75px\" \/><\/div>\r\n\t\t\t\t\t\t\t\t\t\t<div class=\"sc_testimonials_item_author_data\">\r\n\t\t\t\t\t\t<h4 class=\"sc_testimonials_item_author_title\">B\u00fc\u015fra Akp\u0131nar<\/h4>\r\n\t\t\t\t\t\t<div class=\"sc_testimonials_item_author_subtitle\">Pcos Dietitian<\/div>\r\n\t\t\t\t\t<\/div>\r\n\t\t\t\t<\/div>\r\n\t\t\t<\/div>\r\n\t\t\t<\/div><div class=\"trx_addons_column-1_2\">\t\t\t<div class=\"sc_testimonials_item\">\r\n\t\t\t\t<div class=\"sc_testimonials_item_content\"><p>Working with Esra Doyuk was one of the best decisions I made. I received coaching and  <a href=\"https:\/\/esradoyuk.com\/en\/blog\/cpt_testimonial\/nevra-topcu-2\/#more-12077\" class=\"more-link\"><span aria-label=\"Continue reading Nevra Top\u00e7u\">(more&hellip;)<\/span><\/a><\/p>\n<\/div>\r\n\t\t\t\t<div class=\"sc_testimonials_item_author\">\r\n\t\t\t\t\t\t\t\t\t\t\t<div class=\"sc_testimonials_item_author_avatar\"><img decoding=\"async\" width=\"75\" height=\"75\" src=\"https:\/\/esradoyuk.com\/wp-content\/uploads\/2023\/01\/1641160868980-e1676310957739-75x75.jpeg\" class=\"attachment-pj-thumb-tiny size-pj-thumb-tiny wp-post-image\" alt=\"Nevra Top\u00e7u\" srcset=\"https:\/\/esradoyuk.com\/wp-content\/uploads\/2023\/01\/1641160868980-e1676310957739-75x75.jpeg 75w, https:\/\/esradoyuk.com\/wp-content\/uploads\/2023\/01\/1641160868980-e1676310957739-150x150.jpeg 150w, https:\/\/esradoyuk.com\/wp-content\/uploads\/2023\/01\/1641160868980-e1676310957739-370x364.jpeg 370w\" sizes=\"(max-width: 75px) 100vw, 75px\" \/><\/div>\r\n\t\t\t\t\t\t\t\t\t\t<div class=\"sc_testimonials_item_author_data\">\r\n\t\t\t\t\t\t<h4 class=\"sc_testimonials_item_author_title\">Nevra Top\u00e7u<\/h4>\r\n\t\t\t\t\t\t<div class=\"sc_testimonials_item_author_subtitle\">Visual Storyteller<\/div>\r\n\t\t\t\t\t<\/div>\r\n\t\t\t\t<\/div>\r\n\t\t\t<\/div>\r\n\t\t\t<\/div><\/div><\/div><!-- \/.sc_testimonials --><div class=\"vc_empty_space  height_small\"   style=\"height: 0px\"><span class=\"vc_empty_space_inner\"><\/span><\/div><\/div><\/div><\/div><\/div><div data-vc-full-width=\"true\" data-vc-full-width-init=\"false\" class=\"vc_row wpb_row vc_row-fluid scheme_light\"><div class=\"wpb_column vc_column_container vc_col-sm-12\"><div class=\"vc_column-inner\"><div class=\"wpb_wrapper\">\n\t<div class=\"wpb_text_column wpb_content_element\" >\n\t\t<div class=\"wpb_wrapper\">\n\t\t\t<h2><strong>Frequently Asked Questions<\/strong><\/h2>\n\n\t\t<\/div>\n\t<\/div>\n<\/div><\/div><\/div><\/div><div class=\"vc_row-full-width vc_clearfix\"><\/div><div data-vc-full-width=\"true\" data-vc-full-width-init=\"false\" class=\"vc_row wpb_row vc_row-fluid scheme_light\"><div class=\"wpb_column vc_column_container vc_col-sm-6\"><div class=\"vc_column-inner\"><div class=\"wpb_wrapper\"><div class=\"vc_empty_space  height_tiny\"   style=\"height: 0px\"><span class=\"vc_empty_space_inner\"><\/span><\/div><div class=\"vc_tta-container\" data-vc-action=\"collapseAll\"><div class=\"vc_general vc_tta vc_tta-accordion vc_tta-color-grey vc_tta-style-classic vc_tta-shape-square vc_tta-o-shape-group vc_tta-controls-align-left vc_tta-o-all-clickable\"><div class=\"vc_tta-panels-container\"><div class=\"vc_tta-panels\"><div class=\"vc_tta-panel\" id=\"1675326207858-8cf5bb2e-4d5b\" data-vc-content=\".vc_tta-panel-body\"><div class=\"vc_tta-panel-heading\"><h6 class=\"vc_tta-panel-title vc_tta-controls-icon-position-left\"><a href=\"#1675326207858-8cf5bb2e-4d5b\" data-vc-accordion data-vc-container=\".vc_tta-container\"><span class=\"vc_tta-title-text\">How long is the Program?<\/span><i class=\"vc_tta-controls-icon vc_tta-controls-icon-plus\"><\/i><\/a><\/h6><\/div><div class=\"vc_tta-panel-body\">\n\t<div class=\"wpb_text_column wpb_content_element\" >\n\t\t<div class=\"wpb_wrapper\">\n\t\t\t<div id=\"1457619914567-5a09943e-e2be\" class=\"vc_tta-panel vc_active\" data-vc-content=\".vc_tta-panel-body\">\n<div class=\"vc_tta-panel-body\">\n<div class=\"wpb_text_column wpb_content_element\">\n<div class=\"wpb_wrapper\">\n<p>It takes 12 weeks.<\/p>\n<\/div>\n<\/div>\n<\/div>\n<\/div>\n\n\t\t<\/div>\n\t<\/div>\n<\/div><\/div><div class=\"vc_tta-panel\" id=\"1675326207877-2b4d5fef-69e8\" data-vc-content=\".vc_tta-panel-body\"><div class=\"vc_tta-panel-heading\"><h6 class=\"vc_tta-panel-title vc_tta-controls-icon-position-left\"><a href=\"#1675326207877-2b4d5fef-69e8\" data-vc-accordion data-vc-container=\".vc_tta-container\"><span class=\"vc_tta-title-text\">What are the entry requirements for the program?<\/span><i class=\"vc_tta-controls-icon vc_tta-controls-icon-plus\"><\/i><\/a><\/h6><\/div><div class=\"vc_tta-panel-body\">\n\t<div class=\"wpb_text_column wpb_content_element\" >\n\t\t<div class=\"wpb_wrapper\">\n\t\t\t<div class=\"wpb_column vc_column_container vc_col-sm-6\">\n<div class=\"vc_column-inner\">\n<div class=\"wpb_wrapper\">\n<div class=\"vc_tta-container\" data-vc-action=\"collapseAll\">\n<div class=\"vc_general vc_tta vc_tta-accordion vc_tta-color-grey vc_tta-style-classic vc_tta-shape-square vc_tta-o-shape-group vc_tta-controls-align-left vc_tta-o-all-clickable\">\n<div class=\"vc_tta-panels-container\">\n<div class=\"vc_tta-panels\">\n<div id=\"1457619914605-57d1d1dd-cfaf\" class=\"vc_tta-panel vc_active\" data-vc-content=\".vc_tta-panel-body\">\n<div class=\"vc_tta-panel-body\">\n<div class=\"wpb_text_column wpb_content_element\">\n<div class=\"wpb_wrapper\">\n<p>Having clear business idea and being ready to invest it.<\/p>\n<\/div>\n<\/div>\n<\/div>\n<\/div>\n<\/div>\n<\/div>\n<\/div>\n<\/div>\n<\/div>\n<\/div>\n<\/div>\n\n\t\t<\/div>\n\t<\/div>\n<\/div><\/div><\/div><\/div><\/div><\/div><\/div><\/div><\/div><div class=\"wpb_column vc_column_container vc_col-sm-6\"><div class=\"vc_column-inner\"><div class=\"wpb_wrapper\"><div class=\"vc_empty_space  height_tiny\"   style=\"height: 0px\"><span class=\"vc_empty_space_inner\"><\/span><\/div><div class=\"vc_tta-container\" data-vc-action=\"collapseAll\"><div class=\"vc_general vc_tta vc_tta-accordion vc_tta-color-grey vc_tta-style-classic vc_tta-shape-square vc_tta-o-shape-group vc_tta-controls-align-left vc_tta-o-all-clickable\"><div class=\"vc_tta-panels-container\"><div class=\"vc_tta-panels\"><div class=\"vc_tta-panel\" id=\"1675326207927-5738d756-7530\" data-vc-content=\".vc_tta-panel-body\"><div class=\"vc_tta-panel-heading\"><h6 class=\"vc_tta-panel-title vc_tta-controls-icon-position-left\"><a href=\"#1675326207927-5738d756-7530\" data-vc-accordion data-vc-container=\".vc_tta-container\"><span class=\"vc_tta-title-text\">How do I know if the program is fit for me?<\/span><i class=\"vc_tta-controls-icon vc_tta-controls-icon-plus\"><\/i><\/a><\/h6><\/div><div class=\"vc_tta-panel-body\">\n\t<div class=\"wpb_text_column wpb_content_element\" >\n\t\t<div class=\"wpb_wrapper\">\n\t\t\t<p>With a preliminary interview, you have a chance to ask all your questions.<\/p>\n\n\t\t<\/div>\n\t<\/div>\n<\/div><\/div><div class=\"vc_tta-panel\" id=\"1675326207946-99af62a3-1b09\" data-vc-content=\".vc_tta-panel-body\"><div class=\"vc_tta-panel-heading\"><h6 class=\"vc_tta-panel-title vc_tta-controls-icon-position-left\"><a href=\"#1675326207946-99af62a3-1b09\" data-vc-accordion data-vc-container=\".vc_tta-container\"><span class=\"vc_tta-title-text\">What if I am not satisfied with the program?<\/span><i class=\"vc_tta-controls-icon vc_tta-controls-icon-plus\"><\/i><\/a><\/h6><\/div><div class=\"vc_tta-panel-body\">\n\t<div class=\"wpb_text_column wpb_content_element\" >\n\t\t<div class=\"wpb_wrapper\">\n\t\t\t<p>Full money back guarantee if you\u2019re not satisfied after you finished the whole program.<\/p>\n\n\t\t<\/div>\n\t<\/div>\n<\/div><\/div><\/div><\/div><\/div><\/div><\/div><\/div><\/div><\/div><div class=\"vc_row-full-width vc_clearfix\"><\/div><div data-vc-full-width=\"true\" data-vc-full-width-init=\"false\" class=\"vc_row wpb_row vc_row-fluid scheme_light\"><div class=\"wpb_column vc_column_container vc_col-sm-12\"><div class=\"vc_column-inner\"><div class=\"wpb_wrapper\"><\/div><\/div><\/div><\/div><div class=\"vc_row-full-width vc_clearfix\"><\/div><div class=\"vc_row wpb_row vc_row-fluid\"><div class=\"wpb_column vc_column_container vc_col-sm-12\"><div class=\"vc_column-inner\"><div class=\"wpb_wrapper\"><\/div><\/div><\/div><\/div>\n<\/section>","protected":false},"excerpt":{"rendered":"Esra Han\u0131m\u2019\u0131n Giri\u015fimciler i\u00e7in Sat\u0131\u015f ve Pazarlama Program\u0131n\u0131 tamamlad\u0131m. Bu programla sat\u0131s\u0327 , pazarlama ve para konus\u0327man\u0131n asl\u0131nda zihnimdekinden tamamen farkl\u0131 bir nokta oldug\u0306unu go\u0308rdu\u0308m. U\u0308niversite y\u0131llar\u0131ndan beri dog\u0306al ve kozmetik bak\u0131m u\u0308ru\u0308nlerine ilgim hep vard\u0131. Kendi is\u0327imi kurup dog\u0306al ic\u0327eriklerden olus\u0327an u\u0308retim yapmak istiyordum. Fakat konfor alan\u0131ndan c\u0327\u0131k\u0131p on y\u0131l\u0131 a\u015fk\u0131n su\u0308redir yapt\u0131g\u0306\u0131m o\u0308\u011fretmenli\u011fi b\u0131rakmaya bir tu\u0308rlu\u0308 cesaret edemiyordum.&hellip;","protected":false},"author":1,"featured_media":0,"parent":0,"menu_order":0,"comment_status":"closed","ping_status":"closed","template":"","meta":{"footnotes":""},"class_list":["post-10648","page","type-page","status-publish","hentry"],"_links":{"self":[{"href":"https:\/\/esradoyuk.com\/en\/wp-json\/wp\/v2\/pages\/10648","targetHints":{"allow":["GET"]}}],"collection":[{"href":"https:\/\/esradoyuk.com\/en\/wp-json\/wp\/v2\/pages"}],"about":[{"href":"https:\/\/esradoyuk.com\/en\/wp-json\/wp\/v2\/types\/page"}],"author":[{"embeddable":true,"href":"https:\/\/esradoyuk.com\/en\/wp-json\/wp\/v2\/users\/1"}],"replies":[{"embeddable":true,"href":"https:\/\/esradoyuk.com\/en\/wp-json\/wp\/v2\/comments?post=10648"}],"version-history":[{"count":21,"href":"https:\/\/esradoyuk.com\/en\/wp-json\/wp\/v2\/pages\/10648\/revisions"}],"predecessor-version":[{"id":12286,"href":"https:\/\/esradoyuk.com\/en\/wp-json\/wp\/v2\/pages\/10648\/revisions\/12286"}],"wp:attachment":[{"href":"https:\/\/esradoyuk.com\/en\/wp-json\/wp\/v2\/media?parent=10648"}],"curies":[{"name":"wp","href":"https:\/\/api.w.org\/{rel}","templated":true}]}}