{"id":10650,"date":"2022-09-28T14:16:36","date_gmt":"2022-09-28T11:16:36","guid":{"rendered":"https:\/\/esradoyuk.com\/?page_id=10650"},"modified":"2023-01-23T23:14:42","modified_gmt":"2023-01-23T20:14:42","slug":"yuksek-performansli-kocluk","status":"publish","type":"page","link":"https:\/\/esradoyuk.com\/en\/high-performance-coaching\/","title":{"rendered":"High Performance Coaching"},"content":{"rendered":"<section class=\"wpb-content-wrapper\"><div class=\"vc_row wpb_row vc_row-fluid\"><div class=\"wpb_column vc_column_container vc_col-sm-12\"><div class=\"vc_column-inner\"><div class=\"wpb_wrapper\">\n\t<div class=\"wpb_text_column wpb_content_element  scheme_default\" >\n\t\t<div class=\"wpb_wrapper\">\n\t\t\t<p>If you are a coach and say;<\/p>\n<ul>\n<li>I received coaching training but I do not find my coaching sufficient,<\/li>\n<li>I want to be confident in my coaching skills,<\/li>\n<li>When I am coaching, I feel a blockage about being in the moment, asking right questions in the right place and listening effectively, <br>\n<li>I do coaching but cannot get effective results,<\/li>\n<li>I would like to offer more qualified coaching services to people,<\/li><\/li>\n<\/ul>\n<p>This programme is for you.<\/p>\n<p>The quality of your coaching is the most important factor that increases the satisfaction and recommendation of those who get the coaching. The High-Performance Coaching programme is a mentoring programme that supports the coaches to provide high quality coaching session.<\/p>\n<p>As a Professional Coach, I realized the importance of mentoring when I was taking my coaching trainings. With this awareness, I quickly stepped into the coaching profession more confidently and comfortably.<\/p>\n<p>In the following years, when I realised that it was a long and arduous way for me to get training and reading on the subjects  that I felt blockage, I decided to get further mentoring. It helped me to get to the point I wanted to be in a short time. This increased the satisfaction of the clients as well.<\/p>\n<p>As a PCC who has been accredited by ICF and had more than thousand sessions, I designed this program which  gives me an opportunity to share my knowledge and experiences.<\/p>\n<p>With this programme,<\/p>\n<ul>\n<li>You will get to know yourself in your COACH identity, therefore you will embark on your journey by knowing your coaching strengths<\/li>\n<li>You will feel confident in coaching by strengthening your coaching  style with effective methods.<\/li>\n<li>You will become a master in asking the right questions, staying in the moment and using the effective methods.<\/li>\n<\/ul>\n<p>In order to improve your coaching, how fast can you get your results by running from one training to another, by reading books for months and summarizing them without knowing your inadequacy ?<\/p>\n<p>If you want to see your coaching through the eyes of an experienced coach, realize what you do not know and take action to improve them so that you feel more confident and more comfortable when you are coaching, you may want to join this programme.<\/p>\n<p>\u00a0\u00a0If you want to offer better quality coaching,<\/p>\n\n\t\t<\/div>\n\t<\/div>\n<div class=\"vc_btn3-container vc_btn3-inline vc_custom_1669887817823\" ><a class=\"vc_general vc_btn3 vc_btn3-size-lg vc_btn3-shape-rounded vc_btn3-style-classic vc_btn3-color-black\" href=\"https:\/\/esradoyuk.com\/en\/on-gorusme-talebi\/\" title=\"Pre-Interview Request\">Let\u2019s Click here for further information.<\/a><\/div><\/div><\/div><\/div><\/div><div class=\"vc_row wpb_row vc_row-fluid\"><div class=\"wpb_column vc_column_container vc_col-sm-12\"><div class=\"vc_column-inner\"><div class=\"wpb_wrapper\"><div class=\"vc_separator wpb_content_element vc_separator_align_center vc_sep_width_100 vc_sep_pos_align_center vc_separator_no_text vc_sep_color_black\" ><span class=\"vc_sep_holder vc_sep_holder_l\"><span class=\"vc_sep_line\"><\/span><\/span><span class=\"vc_sep_holder vc_sep_holder_r\"><span class=\"vc_sep_line\"><\/span><\/span>\n<\/div><div class=\"vc_empty_space  height_small\"   style=\"height: 0px\"><span class=\"vc_empty_space_inner\"><\/span><\/div><\/div><\/div><\/div><\/div><div data-vc-full-width=\"true\" data-vc-full-width-init=\"false\" class=\"vc_row wpb_row vc_row-fluid scheme_light\"><div class=\"wpb_column vc_column_container vc_col-sm-12\"><div class=\"vc_column-inner\"><div class=\"wpb_wrapper\"><div class=\"vc_empty_space  height_large\"   style=\"height: 0px\"><span class=\"vc_empty_space_inner\"><\/span><\/div>\n\t<div class=\"wpb_text_column wpb_content_element\" >\n\t\t<div class=\"wpb_wrapper\">\n\t\t\t<p>FREQUENTLY ASKED QUESTIONS<\/p>\n\n\t\t<\/div>\n\t<\/div>\n<\/div><\/div><\/div><\/div><div class=\"vc_row-full-width vc_clearfix\"><\/div><div data-vc-full-width=\"true\" data-vc-full-width-init=\"false\" class=\"vc_row wpb_row vc_row-fluid scheme_light\"><div class=\"wpb_column vc_column_container vc_col-sm-6\"><div class=\"vc_column-inner\"><div class=\"wpb_wrapper\"><div class=\"vc_empty_space  height_tiny\"   style=\"height: 0px\"><span class=\"vc_empty_space_inner\"><\/span><\/div><div class=\"vc_tta-container\" data-vc-action=\"collapseAll\"><div class=\"vc_general vc_tta vc_tta-accordion vc_tta-color-grey vc_tta-style-classic vc_tta-shape-square vc_tta-o-shape-group vc_tta-controls-align-left vc_tta-o-all-clickable\"><div class=\"vc_tta-panels-container\"><div class=\"vc_tta-panels\"><div class=\"vc_tta-panel\" id=\"1674504761451-0f285ea1-418a\" data-vc-content=\".vc_tta-panel-body\"><div class=\"vc_tta-panel-heading\"><h4 class=\"vc_tta-panel-title vc_tta-controls-icon-position-left\"><a href=\"#1674504761451-0f285ea1-418a\" data-vc-accordion data-vc-container=\".vc_tta-container\"><span class=\"vc_tta-title-text\">How long is the Program?<\/span><i class=\"vc_tta-controls-icon vc_tta-controls-icon-plus\"><\/i><\/a><\/h4><\/div><div class=\"vc_tta-panel-body\">\n\t<div class=\"wpb_text_column wpb_content_element\" >\n\t\t<div class=\"wpb_wrapper\">\n\t\t\t<p>6 weeks. 4 weeks mentoring 2 weeks coaching<\/p>\n\n\t\t<\/div>\n\t<\/div>\n<\/div><\/div><div class=\"vc_tta-panel\" id=\"1674504761463-e371d368-96cd\" data-vc-content=\".vc_tta-panel-body\"><div class=\"vc_tta-panel-heading\"><h4 class=\"vc_tta-panel-title vc_tta-controls-icon-position-left\"><a href=\"#1674504761463-e371d368-96cd\" data-vc-accordion data-vc-container=\".vc_tta-container\"><span class=\"vc_tta-title-text\">What are the entry requirements for the program?<\/span><i class=\"vc_tta-controls-icon vc_tta-controls-icon-plus\"><\/i><\/a><\/h4><\/div><div class=\"vc_tta-panel-body\">\n\t<div class=\"wpb_text_column wpb_content_element\" >\n\t\t<div class=\"wpb_wrapper\">\n\t\t\t<p>You must have completed a coaching program<\/p>\n\n\t\t<\/div>\n\t<\/div>\n<\/div><\/div><\/div><\/div><\/div><\/div><\/div><\/div><\/div><div class=\"wpb_column vc_column_container vc_col-sm-6\"><div class=\"vc_column-inner\"><div class=\"wpb_wrapper\"><div class=\"vc_empty_space  height_tiny\"   style=\"height: 0px\"><span class=\"vc_empty_space_inner\"><\/span><\/div><div class=\"vc_tta-container\" data-vc-action=\"collapseAll\"><div class=\"vc_general vc_tta vc_tta-accordion vc_tta-color-grey vc_tta-style-classic vc_tta-shape-square vc_tta-o-shape-group vc_tta-controls-align-left vc_tta-o-all-clickable\"><div class=\"vc_tta-panels-container\"><div class=\"vc_tta-panels\"><div class=\"vc_tta-panel\" id=\"1674504761498-8bfa4a74-7a81\" data-vc-content=\".vc_tta-panel-body\"><div class=\"vc_tta-panel-heading\"><h4 class=\"vc_tta-panel-title vc_tta-controls-icon-position-left\"><a href=\"#1674504761498-8bfa4a74-7a81\" data-vc-accordion data-vc-container=\".vc_tta-container\"><span class=\"vc_tta-title-text\">How do I know if the program is fit for me? <\/span><i class=\"vc_tta-controls-icon vc_tta-controls-icon-plus\"><\/i><\/a><\/h4><\/div><div class=\"vc_tta-panel-body\">\n\t<div class=\"wpb_text_column wpb_content_element\" >\n\t\t<div class=\"wpb_wrapper\">\n\t\t\t<p>You can book a preliminary interview so you have a chance to ask all your questions.<\/p>\n\n\t\t<\/div>\n\t<\/div>\n<\/div><\/div><div class=\"vc_tta-panel\" id=\"1674504761509-81e1b827-c945\" data-vc-content=\".vc_tta-panel-body\"><div class=\"vc_tta-panel-heading\"><h4 class=\"vc_tta-panel-title vc_tta-controls-icon-position-left\"><a href=\"#1674504761509-81e1b827-c945\" data-vc-accordion data-vc-container=\".vc_tta-container\"><span class=\"vc_tta-title-text\">What if I am not satisfied with the program<\/span><i class=\"vc_tta-controls-icon vc_tta-controls-icon-plus\"><\/i><\/a><\/h4><\/div><div class=\"vc_tta-panel-body\">\n\t<div class=\"wpb_text_column wpb_content_element\" >\n\t\t<div class=\"wpb_wrapper\">\n\t\t\t<p>Full money back guarantee if you&#8217;re not satisfied after you finished the whole program.<\/p>\n\n\t\t<\/div>\n\t<\/div>\n<\/div><\/div><\/div><\/div><\/div><\/div><\/div><\/div><\/div><\/div><div class=\"vc_row-full-width vc_clearfix\"><\/div><div data-vc-full-width=\"true\" data-vc-full-width-init=\"false\" class=\"vc_row wpb_row vc_row-fluid scheme_light\"><div class=\"wpb_column vc_column_container vc_col-sm-12\"><div class=\"vc_column-inner\"><div class=\"wpb_wrapper\"><div class=\"vc_empty_space  height_huge\"   style=\"height: 0px\"><span class=\"vc_empty_space_inner\"><\/span><\/div><\/div><\/div><\/div><\/div><div class=\"vc_row-full-width vc_clearfix\"><\/div>\n<\/section>","protected":false},"excerpt":{"rendered":"Ko\u00e7luk e\u011fitimini tamamlad\u0131m bununla birlikte bir \u015feyler eksik gibi hissediyordum. Uzun zamand\u0131r da Esra Han\u0131m\u2019\u0131 takip ediyordum. Sonras\u0131nda \u00f6n g\u00f6r\u00fc\u015fme yapt\u0131\u011f\u0131mda bu program\u0131n tam bana g\u00f6re oldu\u011funu fark ettim. \u201cY\u00fcksek Performansl\u0131 Ko\u00e7luk\u201d Program\u0131n\u0131n bana kazand\u0131rd\u0131klar\u0131n\u0131 sayacak olursam, \u00d6ncelikle biri benden seans isteyecek diye \u00f6d\u00fcm kopuyordu t\u00fcm dosyalar\u0131 al\u0131p \u00f6yle girerdim seanslara. \u00c7ok fazla seans yaparak iyi bir ko\u00e7 olabilece\u011fimi sanarken&hellip;","protected":false},"author":1,"featured_media":0,"parent":0,"menu_order":0,"comment_status":"closed","ping_status":"closed","template":"","meta":{"footnotes":""},"class_list":["post-10650","page","type-page","status-publish","hentry"],"_links":{"self":[{"href":"https:\/\/esradoyuk.com\/en\/wp-json\/wp\/v2\/pages\/10650","targetHints":{"allow":["GET"]}}],"collection":[{"href":"https:\/\/esradoyuk.com\/en\/wp-json\/wp\/v2\/pages"}],"about":[{"href":"https:\/\/esradoyuk.com\/en\/wp-json\/wp\/v2\/types\/page"}],"author":[{"embeddable":true,"href":"https:\/\/esradoyuk.com\/en\/wp-json\/wp\/v2\/users\/1"}],"replies":[{"embeddable":true,"href":"https:\/\/esradoyuk.com\/en\/wp-json\/wp\/v2\/comments?post=10650"}],"version-history":[{"count":14,"href":"https:\/\/esradoyuk.com\/en\/wp-json\/wp\/v2\/pages\/10650\/revisions"}],"predecessor-version":[{"id":12142,"href":"https:\/\/esradoyuk.com\/en\/wp-json\/wp\/v2\/pages\/10650\/revisions\/12142"}],"wp:attachment":[{"href":"https:\/\/esradoyuk.com\/en\/wp-json\/wp\/v2\/media?parent=10650"}],"curies":[{"name":"wp","href":"https:\/\/api.w.org\/{rel}","templated":true}]}}