{"id":11211,"date":"2022-11-13T19:23:57","date_gmt":"2022-11-13T16:23:57","guid":{"rendered":"https:\/\/esradoyuk.com\/?page_id=11211"},"modified":"2024-10-07T14:34:44","modified_gmt":"2024-10-07T11:34:44","slug":"iletisim","status":"publish","type":"page","link":"https:\/\/esradoyuk.com\/en\/contact-2\/","title":{"rendered":"Contact"},"content":{"rendered":"<section class=\"wpb-content-wrapper\"><div class=\"vc_row wpb_row vc_row-fluid\"><div class=\"wpb_column vc_column_container vc_col-sm-2\"><div class=\"vc_column-inner\"><div class=\"wpb_wrapper\"><\/div><\/div><\/div><div class=\"wpb_column vc_column_container vc_col-sm-8\"><div class=\"vc_column-inner\"><div class=\"wpb_wrapper\"><div class=\"vc_row wpb_row vc_inner vc_row-fluid\"><div class=\"wpb_column vc_column_container vc_col-sm-6 vc_col-lg-4 vc_col-md-4 vc_col-xs-12\"><div class=\"vc_column-inner\"><div class=\"wpb_wrapper\"><div  \r\n\tclass=\"sc_icons sc_icons_default sc_icons_size_medium sc_align_center\"\r\n\t><div class=\"sc_icons_item\"><div class=\"sc_icons_icon sc_icons_icon_type_fontawesome icon-mail-light\"\r\n\t\t\t\t\t\t\t\t\t\t\t\t><span class=\"sc_icons_icon_type_fontawesome icon-mail-light\"\r\n\t\t\t\t\t\t\t\t\t\t\t\t\t><\/span><\/div><\/div><\/div><!-- \/.sc_icons -->\n\t<div class=\"wpb_text_column wpb_content_element\" >\n\t\t<div class=\"wpb_wrapper\">\n\t\t\t<p style=\"text-align: center;\"><a href=\"mailto:info@esradoyuk.com\">info@esradoyuk.com<\/a><\/p>\n\n\t\t<\/div>\n\t<\/div>\n<div class=\"vc_empty_space  vc_hidden-lg vc_hidden-md height_small\"   style=\"height: 0px\"><span class=\"vc_empty_space_inner\"><\/span><\/div><\/div><\/div><\/div><div class=\"wpb_column vc_column_container vc_col-sm-6\"><div class=\"vc_column-inner\"><div class=\"wpb_wrapper\"><div class=\"vc_empty_space  height_small\"   style=\"height: 0px\"><span class=\"vc_empty_space_inner\"><\/span><\/div><div  \r\n\tclass=\"sc_socials sc_socials_default\"\r\n\t><h5 class=\"sc_socials_subtitle sc_item_subtitle\"><span class=\"trx_addons_accent\">Social Media Accounts<\/span><\/h5><div class=\"socials_wrap\"><span class=\"social_item\"><a href=\"https:\/\/www.instagram.com\/ESRADOYUK\/\" target=\"_blank\" class=\"social_icons\"><span class=\"fab fa-instagram\"><\/span><\/a><\/span><span class=\"social_item\"><a href=\"https:\/\/www.youtube.com\/channel\/UCWTB2SP7BOb6Z638xEDa-cg\" target=\"_blank\" class=\"social_icons\"><span class=\"fab fa-youtube\"><\/span><\/a><\/span><span class=\"social_item\"><a href=\"https:\/\/www.linkedin.com\/in\/esradoyuk\/\" target=\"_blank\" class=\"social_icons\"><span class=\"fab fa-linkedin\"><\/span><\/a><\/span><span class=\"social_item\"><a href=\"https:\/\/open.spotify.com\/show\/68gj6MNX9lBhbos7gl2P6F?si=669b9eb5ee8440c7\" target=\"_blank\" class=\"social_icons\"><span class=\"icon-spotify\"><\/span><\/a><\/span><\/div><!-- \/.socials_wrap --><\/div><!-- \/.sc_socials --><\/div><\/div><\/div><\/div>\n\t<div class=\"wpb_text_column wpb_content_element\" >\n\t\t<div class=\"wpb_wrapper\">\n\t\t\t<h6 style=\"text-align: center;\">Contact form<\/h6>\n\n\t\t<\/div>\n\t<\/div>\n\n<div class=\"wpcf7 no-js\" id=\"wpcf7-f11201-o1\" lang=\"tr-TR\" dir=\"ltr\" data-wpcf7-id=\"11201\">\n<div class=\"screen-reader-response\"><p role=\"status\" aria-live=\"polite\" aria-atomic=\"true\"><\/p> <ul><\/ul><\/div>\n<form action=\"\/en\/wp-json\/wp\/v2\/pages\/11211#wpcf7-f11201-o1\" method=\"post\" class=\"wpcf7-form init\" aria-label=\"Contact form\" novalidate=\"novalidate\" data-status=\"init\" data-trp-original-action=\"\/en\/wp-json\/wp\/v2\/pages\/11211#wpcf7-f11201-o1\">\n<fieldset class=\"hidden-fields-container\"><input type=\"hidden\" name=\"_wpcf7\" value=\"11201\" \/><input type=\"hidden\" name=\"_wpcf7_version\" value=\"6.1.5\" \/><input type=\"hidden\" name=\"_wpcf7_locale\" value=\"tr_TR\" \/><input type=\"hidden\" name=\"_wpcf7_unit_tag\" value=\"wpcf7-f11201-o1\" \/><input type=\"hidden\" name=\"_wpcf7_container_post\" value=\"0\" \/><input type=\"hidden\" name=\"_wpcf7_posted_data_hash\" value=\"\" \/>\n<\/fieldset>\n<div class=\"contact_me\">\n\t<div class=\"form_wrap\">\n\t\t<div class=\"form_details\">\n\t\t\t<p><label><span class=\"wpcf7-form-control-wrap\" data-name=\"your-name\"><input size=\"40\" maxlength=\"400\" class=\"wpcf7-form-control wpcf7-text wpcf7-validates-as-required\" aria-required=\"true\" aria-invalid=\"false\" placeholder=\"Name\" value=\"\" type=\"text\" name=\"your-name\" \/><\/span> <\/label><label><span class=\"wpcf7-form-control-wrap\" data-name=\"your-email\"><input size=\"40\" maxlength=\"400\" class=\"wpcf7-form-control wpcf7-email wpcf7-validates-as-required wpcf7-text wpcf7-validates-as-email\" aria-required=\"true\" aria-invalid=\"false\" placeholder=\"Email\" value=\"\" type=\"email\" name=\"your-email\" \/><\/span> <\/label><br \/>\n<label><span class=\"wpcf7-form-control-wrap\" data-name=\"your-subject\"><input size=\"40\" maxlength=\"400\" class=\"wpcf7-form-control wpcf7-text wpcf7-validates-as-required\" aria-required=\"true\" aria-invalid=\"false\" placeholder=\"Subject\" value=\"\" type=\"text\" name=\"your-subject\" \/><\/span> <\/label>\n\t\t\t<\/p>\n\t\t<\/div>\n\t\t<div class=\"form_message\">\n\t\t\t<p><label><span class=\"wpcf7-form-control-wrap\" data-name=\"your-message\"><textarea cols=\"40\" rows=\"10\" maxlength=\"2000\" class=\"wpcf7-form-control wpcf7-textarea\" aria-invalid=\"false\" placeholder=\"Message\" name=\"your-message\"><\/textarea><\/span><\/label>\n\t\t\t<\/p>\n\t\t<\/div>\n\t<\/div>\n\t<p><span class=\"wpcf7-form-control-wrap\" data-name=\"acceptance-626\"><span class=\"wpcf7-form-control wpcf7-acceptance\"><span class=\"wpcf7-list-item\"><label><input type=\"checkbox\" name=\"acceptance-626\" value=\"1\" aria-invalid=\"false\" \/><span class=\"wpcf7-list-item-label\">I accept that my submitted data is collected and stored.<\/span><\/label><\/span><\/span><\/span>\n\t<\/p>\n\t<div class=\"form_send\">\n\t\t<p><input class=\"wpcf7-form-control wpcf7-submit has-spinner\" type=\"submit\" value=\"Send Message\" \/>\n\t\t<\/p>\n\t<\/div>\n<\/div><p style=\"display: none !important;\" class=\"akismet-fields-container\" data-prefix=\"_wpcf7_ak_\"><label>&#916;<textarea name=\"_wpcf7_ak_hp_textarea\" cols=\"45\" rows=\"8\" maxlength=\"100\"><\/textarea><\/label><input type=\"hidden\" id=\"ak_js_1\" name=\"_wpcf7_ak_js\" value=\"2\"\/><script>document.getElementById( \"ak_js_1\" ).setAttribute( \"value\", ( new Date() ).getTime() );<\/script><\/p><div class=\"wpcf7-response-output\" aria-hidden=\"true\"><\/div>\n<input type=\"hidden\" name=\"trp-form-language\" value=\"en\"\/><\/form>\n<\/div>\n<div class=\"vc_empty_space  height_small\"   style=\"height: 0px\"><span class=\"vc_empty_space_inner\"><\/span><\/div><\/div><\/div><\/div><div class=\"wpb_column vc_column_container vc_col-sm-2\"><div class=\"vc_column-inner\"><div class=\"wpb_wrapper\"><\/div><\/div><\/div><\/div><div class=\"vc_row wpb_row vc_row-fluid\"><div class=\"wpb_column vc_column_container vc_col-sm-12\"><div class=\"vc_column-inner\"><div class=\"wpb_wrapper\">\n\t<div class=\"wpb_text_column wpb_content_element\" >\n\t\t<div class=\"wpb_wrapper\">\n\t\t\t\n\t\t<\/div>\n\t<\/div>\n<\/div><\/div><\/div><\/div>\n<\/section>","protected":false},"excerpt":{"rendered":"info@esradoyuk.com Sosyal Medya Hesaplar\u0131 \u0130leti\u015fim Formu G\u00f6nderdi\u011fim verilerimin topland\u0131\u011f\u0131n\u0131 ve sakland\u0131\u011f\u0131n\u0131 kabul ediyorum. &#916;","protected":false},"author":1,"featured_media":0,"parent":0,"menu_order":0,"comment_status":"closed","ping_status":"closed","template":"","meta":{"footnotes":""},"class_list":["post-11211","page","type-page","status-publish","hentry"],"_links":{"self":[{"href":"https:\/\/esradoyuk.com\/en\/wp-json\/wp\/v2\/pages\/11211","targetHints":{"allow":["GET"]}}],"collection":[{"href":"https:\/\/esradoyuk.com\/en\/wp-json\/wp\/v2\/pages"}],"about":[{"href":"https:\/\/esradoyuk.com\/en\/wp-json\/wp\/v2\/types\/page"}],"author":[{"embeddable":true,"href":"https:\/\/esradoyuk.com\/en\/wp-json\/wp\/v2\/users\/1"}],"replies":[{"embeddable":true,"href":"https:\/\/esradoyuk.com\/en\/wp-json\/wp\/v2\/comments?post=11211"}],"version-history":[{"count":23,"href":"https:\/\/esradoyuk.com\/en\/wp-json\/wp\/v2\/pages\/11211\/revisions"}],"predecessor-version":[{"id":12486,"href":"https:\/\/esradoyuk.com\/en\/wp-json\/wp\/v2\/pages\/11211\/revisions\/12486"}],"wp:attachment":[{"href":"https:\/\/esradoyuk.com\/en\/wp-json\/wp\/v2\/media?parent=11211"}],"curies":[{"name":"wp","href":"https:\/\/api.w.org\/{rel}","templated":true}]}}