{"id":526,"date":"2016-03-28T13:21:58","date_gmt":"2016-03-28T11:21:58","guid":{"rendered":"https:\/\/pj.axiomthemes.com\/?page_id=526"},"modified":"2024-10-07T14:55:45","modified_gmt":"2024-10-07T11:55:45","slug":"hakkinda","status":"publish","type":"page","link":"https:\/\/esradoyuk.com\/en\/hakkinda\/","title":{"rendered":"About me"},"content":{"rendered":"<section class=\"wpb-content-wrapper\"><div class=\"vc_row wpb_row vc_row-fluid\"><div class=\"wpb_column vc_column_container vc_col-sm-12\"><div class=\"vc_column-inner\"><div class=\"wpb_wrapper\">\n\t<div class=\"wpb_text_column wpb_content_element  vc_custom_1668632591792\" >\n\t\t<div class=\"wpb_wrapper\">\n\t\t\t<h6>Hello, I'm Esra Doyuk.<\/h6>\n<div>\n<p class=\"personelqoutetext-sc-39lu6x-4\"><span lang=\"TR\">A good education, a happy marriage, 2 wonderful children, a wide circle of friends, invitations, travels\u2026 A life that seems perfect from the outside, but inside something is missing\u2026<\/span><\/p>\n<\/div>\n<div>\n<p class=\"personelqoutetext-sc-39lu6x-4\"><span lang=\"TR\">And <\/span><\/p>\n<\/div>\n<div>\n<p class=\"personelqoutetext-sc-39lu6x-4\"><span lang=\"TR\">The voice inside me that always says I could do more\u2026 Although I could not spare time for that voice in daily rushes and bustle, I could not remain indifferent to that screaming after a while. So, I decided to act for more.<\/span><\/p>\n<\/div>\n<div>\n<p class=\"personelqoutetext-sc-39lu6x-4\"><span lang=\"TR\">My first step was to fill the gap between myself and the person I wanted to be. During this process, I took my coaching trainings and I made coaching my profession.<\/span><\/p>\n<\/div>\n\n\t\t<\/div>\n\t<\/div>\n<div class=\"vc_empty_space  height_tiny\"   style=\"height: 32px\"><span class=\"vc_empty_space_inner\"><\/span><\/div><div class=\"vc_empty_space  height_tiny\"   style=\"height: 32px\"><span class=\"vc_empty_space_inner\"><\/span><\/div><div  \r\n\tclass=\"sc_promo sc_promo_default sc_promo_size_normal sc_promo_no_paddings\"\r\n\t\t>\r\n\t<div class=\"sc_promo_image\" style=\"background-image:url(https:\/\/esradoyuk.com\/wp-content\/uploads\/2022\/09\/Esra-Doyuk.jpg);width:43%;left: 0;\"><\/div><div class=\"sc_promo_text\" style=\"width: 49%;float: right;\">\r\n\t\t\t<div class=\"sc_promo_text_inner sc_align_left\" style=\" margin:6em 0;\"><h5 class=\"sc_promo_subtitle sc_item_subtitle\">Getting to know coaching has changed my life completely.<\/h5><div class=\"sc_promo_descr sc_item_descr\">Especially, while I was benefitting from coaching myself, the answers I found to the questions made me feel free, confident and sure of myself, but they also helped me draw a clear road map for my job and stay strong against hardships.<br \/>\nI have prepared the Future Design Program for women who want to experience similar values, first design their business mentally and then take confident steps.<\/div><div class=\"sc_promo_button sc_item_button\"><a href=\"https:\/\/esradoyuk.com\/en\/on-gorusme-talebi\/\">Click For Pre-Interview<\/a><\/div><\/div>\r\n\t\t<\/div><!-- \/.sc_promo_text --><\/div><!-- \/.sc_promo -->\n\t<div class=\"wpb_text_column wpb_content_element\" >\n\t\t<div class=\"wpb_wrapper\">\n\t\t\t<blockquote>\n<p>So, what was missing?<br \/>\nKnowing the job is one thing, but presenting it is another thing\u2026<br \/>\nIt is important to be good at your job, but it is never enough!<\/p>\n<\/blockquote>\n\n\t\t<\/div>\n\t<\/div>\n<div  \r\n\tclass=\"sc_promo sc_promo_default sc_promo_size_normal sc_promo_no_paddings\"\r\n\t\t>\r\n\t<div class=\"sc_promo_image\" style=\"background-image:url(https:\/\/esradoyuk.com\/wp-content\/uploads\/2022\/09\/06.jpg);width:43%;right: 0;\"><\/div><div class=\"sc_promo_text\" style=\"width: 49%;float: left;\">\r\n\t\t\t<div class=\"sc_promo_text_inner sc_align_left\" style=\" margin:6em 0;\"><div class=\"sc_promo_descr sc_item_descr\">I had 1273 hours of coaching experience with 386 women.<br \/>\nThis whole process supported me to get the title of PCC (Professional Certified Coach) accredited by ICF (International Coach Federation) and to get a good place in my field.<br \/>\nHowever, I was not even aware of what it was necessary to know as I had never done my own business before.<br \/>\nI was always trying to be good at coaching, believing in the saying \u201cIf you are good at your job, they will find you\u201d.<\/p>\n<p>I learned that If I want to succeed in my job; it is necessary to know positioning, marketing and closing, but none of them works without knowing how to build the proper mindset in advance.<br \/>\nTo achieve this, I realised that while reading is a very long way, having a mentor is a short and effective way. I don't want you to take so long to get what you want.<br \/>\nThus, I present the 'Start-up for Entrepreneurs' program as a mentoring program to women who want to start their own business and learn \u2018how\u2019 to do this.<br>\nTaking all my strengths and chances with me, turning a deaf ear to those who always criticise and say you cannot, I had walked on a road which was long, full of trial-and-error but also full of determination and faith in every single step.\n <br>\nAfterwards, we, as a family, moved to London to realize our dream to live abroad. This gave me the opportunity to do my job online both in Turkish and English with women from all over the world.\n <br>\nWe cannot control the future, but we can make ourselves and our business flexible and durable for any situation.<\/div><div class=\"sc_promo_button sc_item_button\"><a href=\"https:\/\/esradoyuk.com\/en\/on-gorusme-talebi\/\">Click For Pre-Interview<\/a><\/div><\/div>\r\n\t\t<\/div><!-- \/.sc_promo_text --><\/div><!-- \/.sc_promo -->\n\t<div class=\"wpb_text_column wpb_content_element\" >\n\t\t<div class=\"wpb_wrapper\">\n\t\t\t<blockquote>\n<p>You can do it.<br \/>\nI want you to know that you can.\nJust know where you need to start for sure\u2026<\/p>\n<\/blockquote>\n\n\t\t<\/div>\n\t<\/div>\n\n\t<div class=\"wpb_text_column wpb_content_element\" >\n\t\t<div class=\"wpb_wrapper\">\n\t\t\t<p><strong style=\"font-size: 22px;\">If you've read so far, Here are a few points you would want to know about me.<\/strong><\/p>\n\n\t\t<\/div>\n\t<\/div>\n<div class=\"vc_empty_space  height_small\"   style=\"height: 0px\"><span class=\"vc_empty_space_inner\"><\/span><\/div><div class=\"vc_tta-container\" data-vc-action=\"collapseAll\"><div class=\"vc_general vc_tta vc_tta-accordion vc_tta-color-grey vc_tta-style-classic vc_tta-shape-rounded vc_tta-spacing-2 vc_tta-controls-align-left vc_tta-o-no-fill vc_tta-o-all-clickable\"><div class=\"vc_tta-panels-container\"><div class=\"vc_tta-panels\"><div class=\"vc_tta-panel\" id=\"1668100879987-d77e3514-191d\" data-vc-content=\".vc_tta-panel-body\"><div class=\"vc_tta-panel-heading\"><h4 class=\"vc_tta-panel-title vc_tta-controls-icon-position-left\"><a href=\"#1668100879987-d77e3514-191d\" data-vc-accordion data-vc-container=\".vc_tta-container\"><span class=\"vc_tta-title-text\">I believe in lifelong learning.<\/span><i class=\"vc_tta-controls-icon vc_tta-controls-icon-plus\"><\/i><\/a><\/h4><\/div><div class=\"vc_tta-panel-body\">\n\t<div class=\"wpb_text_column wpb_content_element\" >\n\t\t<div class=\"wpb_wrapper\">\n\t\t\t<p>&nbsp;<\/p>\n<p>I graduated from the department of Political Science and Public Administration at Bilkent University.<\/p>\n<p>I improved and enriched myself with various trainings.<\/p>\n<h6><strong>Ald\u0131\u011f\u0131m e\u011fitimlerin baz\u0131lar\u0131 ;<\/strong><\/h6>\n<ul>\n<li>Professional Certified Coach (PCC) International Coaching Federation\u00a0 Kas\u0131m \/ 2023<\/li>\n<li>Women&#8217;s Entrepreneurship Cornell UniversityCornell University Ekim \/\u00a0 2023<\/li>\n<li>The Business of Turning Ideas into Reality University of Cambridge Institute of Continuing Education \u00a0Temmuz \/\u00a0 2023<\/li>\n<li><span aria-hidden=\"true\">EQA Akredite Mentorluk Program\u0131\u00a0<\/span><span class=\"t-14 t-normal\"><span aria-hidden=\"true\">RK Academy &#8211; Dr Riza Kadilar Academy\u00a0 A\u011fustos \/2020<\/span><\/span><\/li>\n<li><span aria-hidden=\"true\">Turning Point Program<\/span><span class=\"visually-hidden\">Turning Point Program <\/span>\u00a0Nisan \/ 2019<\/li>\n<li>Further Approaches to Generative Leadership-Oxford University\/2018<\/li>\n<li>The Science and the Art of Mindfulness- Cambridge University\/2018<\/li>\n<li>Accredited Certified Training Program Module 5- Erickson Coaching \u0130nternational\/ 2017<\/li>\n<li>Access the Bars Practitioner\/2017<\/li>\n<li>Creating Transformational Metaphors- Erickson Coaching international\/2016<\/li>\n<li>NLP Practitioner- NLP Academy Turkey\/2015<\/li>\n<li>Optimum Balance Model- Behaviour Technology Institute \/ 2014<\/li>\n<li>Psychological Disorders Training \u2013 Psychologists and Psychiatrists Association \/ 2014<\/li>\n<li>Fundamental Psychological Knowledge and Boundaries for Coaches \u2013 BAUSEM \/ 2014<\/li>\n<li>Personal Branding and Image \u2013 ODEA \/ 2014<\/li>\n<li>High Performance Team Coaching \u2013 Erickson Coaching International \/ 2014<\/li>\n<li>NLP Practitioner \u2013 Erickson Coaching International \/ 2013<\/li>\n<li>The Art of Science of Coaching Programme Module 1-2-3-4 \u2013 Erickson Coaching International \/ 2013<\/li>\n<li>Parenting School \u2013 Sevinc Eraslan \/ 2010<\/li>\n<li>Speed Reading \u2013 Adil Mavis Development Institute \/ 2002<\/li>\n<li>Anne-Baba Okulu \u2013 Sevin\u00e7 Eraslan \/ 2010<\/li>\n<li>H\u0131zl\u0131 Okuma \u2013 Adil Mavi\u015f Geli\u015fim Akademisi \/ 2002<\/li>\n<\/ul>\n<div class=\"display-flex flex-wrap align-items-center full-height\">\n<div class=\"display-flex\">\n<div class=\"display-flex full-width\">\n<div>\n<div class=\"DtWJRDgueTMrhKcgvqbakwdqZhnmyROjeQ qCXqXjbgrXPvkTuBVcjdDwHPqIAVGSs oshJVNfMNSEvRKdWYRkXIPbbreqogKPVUcUApvo\" data-view-name=\"profile-component-entity\">\n<div class=\"display-flex flex-column full-width align-self-center\">\n<div class=\"display-flex flex-row justify-space-between\">\n<div class=\"display-flex flex-wrap align-items-center full-height\">\n<div class=\"display-flex\">\n<div class=\"display-flex full-width\"><\/div>\n<\/div>\n<\/div>\n<\/div>\n<\/div>\n<\/div>\n<\/div>\n<\/div>\n<\/div>\n<\/div>\n<p><img decoding=\"async\" class=\"alignnone wp-image-11038\" src=\"https:\/\/esradoyuk.com\/wp-content\/uploads\/2022\/11\/pcc.png\" alt=\"\" width=\"138\" height=\"138\" srcset=\"https:\/\/esradoyuk.com\/wp-content\/uploads\/2022\/11\/pcc.png 150w, https:\/\/esradoyuk.com\/wp-content\/uploads\/2022\/11\/pcc-75x75.png 75w\" sizes=\"(max-width: 138px) 100vw, 138px\" \/><img decoding=\"async\" class=\"\" src=\"https:\/\/media.licdn.com\/dms\/image\/v2\/C4E0BAQF74UTD740PWA\/company-logo_100_100\/company-logo_100_100\/0\/1630644666206\/international_coaching_federation_logo?e=1736380800&amp;v=beta&amp;t=tdWLssk8q4VBkrsdw-p434TzsWmR6TqXczvov5ePjCY\" alt=\"International Coaching Federation logosu\" width=\"119\" height=\"119\" \/><img decoding=\"async\" src=\"https:\/\/media.licdn.com\/dms\/image\/v2\/C560BAQE8SOXGRyv7LA\/company-logo_100_100\/company-logo_100_100\/0\/1631339899678?e=1736380800&amp;v=beta&amp;t=zeP1al0QNs2HLxiQt-pMUihn9n4mNRUUxaVOD331dFc\" alt=\"Cornell University logosu\" \/><img decoding=\"async\" src=\"https:\/\/media.licdn.com\/dms\/image\/v2\/C4E0BAQHyZ54Sl9vkDA\/company-logo_100_100\/company-logo_100_100\/0\/1670259158947\/cambridge_ice_logo?e=1736380800&amp;v=beta&amp;t=UikBTHodFAvCtRcvrp3TG5TMeQH0XIFT1gTbs7qkFHQ\" alt=\"University of Cambridge Institute of Continuing Education logosu\" \/><img decoding=\"async\" src=\"https:\/\/media.licdn.com\/dms\/image\/v2\/C560BAQFmfTNNqBzMSQ\/company-logo_100_100\/company-logo_100_100\/0\/1640535719253\/erickson_coaching_international_logo?e=1736380800&amp;v=beta&amp;t=sYDwRDznM1-5s1uoeX5X6imMtdPI4YZKFZBbGnEmp3c\" alt=\"Erickson Coaching International logosu\" \/><img decoding=\"async\" src=\"https:\/\/media.licdn.com\/dms\/image\/v2\/D4E0BAQGnc4qXLbE8Sg\/company-logo_100_100\/company-logo_100_100\/0\/1709206435851\/oxforduni_logo?e=1736380800&amp;v=beta&amp;t=z4QY3r8oBP_PkMy93fTx28mVtWdFxV-ROzcrennP3l8\" alt=\"University of Oxford logosu\" \/><\/p>\n\n\t\t<\/div>\n\t<\/div>\n<\/div><\/div><div class=\"vc_tta-panel\" id=\"1668100879995-faaa0e63-1777\" data-vc-content=\".vc_tta-panel-body\"><div class=\"vc_tta-panel-heading\"><h4 class=\"vc_tta-panel-title vc_tta-controls-icon-position-left\"><a href=\"#1668100879995-faaa0e63-1777\" data-vc-accordion data-vc-container=\".vc_tta-container\"><span class=\"vc_tta-title-text\">I have a true passion of travelling.<\/span><i class=\"vc_tta-controls-icon vc_tta-controls-icon-plus\"><\/i><\/a><\/h4><\/div><div class=\"vc_tta-panel-body\">\n\t<div class=\"wpb_text_column wpb_content_element\" >\n\t\t<div class=\"wpb_wrapper\">\n\t\t\t<p>I only started to travel the world after the age of 32. Although it is interesting that as someone with a deep interest in differences, I was this late, this gave me more comfortable conditions to travel, so it can be tolerated.<\/p>\n<p>Although I have seen 51 countries yet, I had the chance to see that diversity, abundance and opportunities are endless in the world, and this is really promising. There is a life for everybody, resources are not limited, vice versa, and wherever you go human is human.<\/p>\n\n\t\t<\/div>\n\t<\/div>\n<\/div><\/div><div class=\"vc_tta-panel\" id=\"1668101203551-6fcf4fcb-203d\" data-vc-content=\".vc_tta-panel-body\"><div class=\"vc_tta-panel-heading\"><h4 class=\"vc_tta-panel-title vc_tta-controls-icon-position-left\"><a href=\"#1668101203551-6fcf4fcb-203d\" data-vc-accordion data-vc-container=\".vc_tta-container\"><span class=\"vc_tta-title-text\">I am interested in everything organic.<\/span><i class=\"vc_tta-controls-icon vc_tta-controls-icon-plus\"><\/i><\/a><\/h4><\/div><div class=\"vc_tta-panel-body\">\n\t<div class=\"wpb_text_column wpb_content_element\" >\n\t\t<div class=\"wpb_wrapper\">\n\t\t\t<div>\n<p class=\"accordiontext-sc-ag4k3a-1\"><span lang=\"TR\">The organic lifestyle came into my life in 2002 while searching for ways to be healthier. At that time, we were living in Turkey, and it was quite difficult and expensive to find and use organic products. However, their positive effects on the life quality, health and mindset of both myself and my family kept me determined in this regard. To the ones saying organic products are expensive, I say they are more affordable than a doctor\u2019s fee.<\/span><\/p>\n<\/div>\n<div>\n<p class=\"accordiontext-sc-ag4k3a-1\"><span lang=\"TR\">As we settled in London, we fell into an organic paradise. Now we are happy with our easily accessible products and cafes just as we want.<\/span><\/p>\n<\/div>\n<div>\n<p class=\"accordiontext-sc-ag4k3a-1\"><span lang=\"TR\">Sometimes it may be hard to live like this in social life, but definitely not as hard as in Turkey, we live an organic life in our house.<\/span><\/p>\n<\/div>\n\n\t\t<\/div>\n\t<\/div>\n<\/div><\/div><div class=\"vc_tta-panel\" id=\"1668101258769-f0d04a1d-6b23\" data-vc-content=\".vc_tta-panel-body\"><div class=\"vc_tta-panel-heading\"><h4 class=\"vc_tta-panel-title vc_tta-controls-icon-position-left\"><a href=\"#1668101258769-f0d04a1d-6b23\" data-vc-accordion data-vc-container=\".vc_tta-container\"><span class=\"vc_tta-title-text\">I am in for women empowerment.<\/span><i class=\"vc_tta-controls-icon vc_tta-controls-icon-plus\"><\/i><\/a><\/h4><\/div><div class=\"vc_tta-panel-body\">\n\t<div class=\"wpb_text_column wpb_content_element\" >\n\t\t<div class=\"wpb_wrapper\">\n\t\t\t<div>\n<p class=\"accordiontext-sc-ag4k3a-1\"><span lang=\"TR\">We know that women are at a disadvantage all over the world. While some countries may seem different, basically, they all try to make women appear weak and inconsistent.<\/span><\/p>\n<\/div>\n<div>\n<p class=\"accordiontext-sc-ag4k3a-1\"><span lang=\"TR\">Those who physically define power may seem right, however, I believe that women can reflect their power by finding their inner knowledge and using it as a leverage to success, not by turning into a man. Thus, I have been a Board Member in Business Associations for Women for years to be a woman in the business world.<\/span><\/p>\n<\/div>\n<div>\n<p class=\"accordiontext-sc-ag4k3a-1\"><span lang=\"TR\">And now I especially take time to take part in Global Women's Studies.<\/span><\/p>\n<\/div>\n<div>\n<p class=\"accordiontext-sc-ag4k3a-1\"><span lang=\"TR\">\u00a0<\/span><\/p>\n<\/div>\n\n\t\t<\/div>\n\t<\/div>\n<\/div><\/div><\/div><\/div><\/div><\/div><div class=\"vc_empty_space  height_small\"   style=\"height: 0px\"><span class=\"vc_empty_space_inner\"><\/span><\/div><\/div><\/div><\/div><\/div>\n<\/section>","protected":false},"excerpt":{"rendered":"Merhaba, ben Esra Doyuk \u0130yi e\u011fitimler, mutlu bir evlilik, 2 muhte\u015fem \u00e7ocuk, geni\u015f arkada\u015f \u00e7evresi, davetler, seyahatler\u2026 D\u0131\u015far\u0131dan bak\u0131l\u0131nca m\u00fckemmel g\u00f6r\u00fcnen, ama sanki bir \u015feylerin eksik oldu\u011fu bir hayat\u2026 \u0130\u00e7imde ise; hep daha fazlas\u0131n\u0131 yapabilece\u011fimi s\u00f6yleyen bir taraf\u2026 Her ne kadar g\u00fcnl\u00fck ko\u015fu\u015fturmalar aras\u0131nda, beni s\u00fcrekli d\u00fcrten o sese vakit ay\u0131ramasam da bir zamandan sonra, i\u00e7imde \u00e7\u0131\u011fl\u0131k atmas\u0131na kay\u0131ts\u0131z kalamad\u0131m.&hellip;","protected":false},"author":1,"featured_media":0,"parent":0,"menu_order":0,"comment_status":"closed","ping_status":"closed","template":"","meta":{"footnotes":""},"class_list":["post-526","page","type-page","status-publish","hentry"],"_links":{"self":[{"href":"https:\/\/esradoyuk.com\/en\/wp-json\/wp\/v2\/pages\/526","targetHints":{"allow":["GET"]}}],"collection":[{"href":"https:\/\/esradoyuk.com\/en\/wp-json\/wp\/v2\/pages"}],"about":[{"href":"https:\/\/esradoyuk.com\/en\/wp-json\/wp\/v2\/types\/page"}],"author":[{"embeddable":true,"href":"https:\/\/esradoyuk.com\/en\/wp-json\/wp\/v2\/users\/1"}],"replies":[{"embeddable":true,"href":"https:\/\/esradoyuk.com\/en\/wp-json\/wp\/v2\/comments?post=526"}],"version-history":[{"count":23,"href":"https:\/\/esradoyuk.com\/en\/wp-json\/wp\/v2\/pages\/526\/revisions"}],"predecessor-version":[{"id":12488,"href":"https:\/\/esradoyuk.com\/en\/wp-json\/wp\/v2\/pages\/526\/revisions\/12488"}],"wp:attachment":[{"href":"https:\/\/esradoyuk.com\/en\/wp-json\/wp\/v2\/media?parent=526"}],"curies":[{"name":"wp","href":"https:\/\/api.w.org\/{rel}","templated":true}]}}